{"id":207515,"date":"2017-11-17T23:01:08","date_gmt":"2017-11-17T21:01:08","guid":{"rendered":"https:\/\/staging.hoteldina.com\/equipements-services\/"},"modified":"2023-11-05T20:30:27","modified_gmt":"2023-11-05T18:30:27","slug":"equipements-services","status":"publish","type":"page","link":"https:\/\/www.hoteldina.com\/fr\/equipements-services\/","title":{"rendered":"\u00c9quipements &amp; services"},"content":{"rendered":"<p>[et_pb_section fb_built=&#8221;1&#8243; fullwidth=&#8221;on&#8221; _builder_version=&#8221;4.16&#8243; global_colors_info=&#8221;{}&#8221;][et_pb_fullwidth_header title=&#8221;\u00e9quipements &#038; services&#8221; background_overlay_color=&#8221;rgba(33,33,33,0.64)&#8221; _builder_version=&#8221;4.17.4&#8243; title_text_color=&#8221;#ffffff&#8221; background_color=&#8221;rgba(255, 255, 255, 0)&#8221; background_image=&#8221;https:\/\/www.hoteldina.com\/wp-content\/uploads\/2022\/06\/hotel_dina-reception-hd.jpg&#8221; global_colors_info=&#8221;{}&#8221; button_one_text_size__hover_enabled=&#8221;off&#8221; button_two_text_size__hover_enabled=&#8221;off&#8221; button_one_text_color__hover_enabled=&#8221;off&#8221; button_two_text_color__hover_enabled=&#8221;off&#8221; button_one_border_width__hover_enabled=&#8221;off&#8221; button_two_border_width__hover_enabled=&#8221;off&#8221; button_one_border_color__hover_enabled=&#8221;off&#8221; button_two_border_color__hover_enabled=&#8221;off&#8221; button_one_border_radius__hover_enabled=&#8221;off&#8221; button_two_border_radius__hover_enabled=&#8221;off&#8221; button_one_letter_spacing__hover_enabled=&#8221;off&#8221; button_two_letter_spacing__hover_enabled=&#8221;off&#8221; button_one_bg_color__hover_enabled=&#8221;off&#8221; button_two_bg_color__hover_enabled=&#8221;off&#8221;][\/et_pb_fullwidth_header][\/et_pb_section][et_pb_section fb_built=&#8221;1&#8243; _builder_version=&#8221;4.16&#8243; global_colors_info=&#8221;{}&#8221;][et_pb_row column_structure=&#8221;1_2,1_2&#8243; _builder_version=&#8221;4.16&#8243; global_colors_info=&#8221;{}&#8221;][et_pb_column type=&#8221;1_2&#8243; _builder_version=&#8221;4.16&#8243; custom_padding=&#8221;|||&#8221; global_colors_info=&#8221;{}&#8221; custom_padding__hover=&#8221;|||&#8221;][et_pb_text admin_label=&#8221;title&#8221; module_class=&#8221;room-title&#8221; _builder_version=&#8221;4.16&#8243; text_font=&#8221;||||&#8221; text_text_color=&#8221;#1a1a1a&#8221; header_font=&#8221;Oswald|on||on|&#8221; header_text_align=&#8221;left&#8221; header_font_size=&#8221;60px&#8221; header_line_height=&#8221;1.3em&#8221; custom_margin=&#8221;|||&#8221; custom_padding=&#8221;|||&#8221; animation_style=&#8221;slide&#8221; animation_direction=&#8221;top&#8221; animation_intensity_slide=&#8221;10%&#8221; locked=&#8221;off&#8221; global_colors_info=&#8221;{}&#8221;]<\/p>\n<h1>\u00c9QUIPEMENTS ET SERVICES OFFERTS PAR L\u2019H\u00d4TEL<\/h1>\n<p>[\/et_pb_text][et_pb_divider color=&#8221;#41c3ed&#8221; divider_position=&#8221;center&#8221; divider_weight=&#8221;3px&#8221; disabled_on=&#8221;off|off|off&#8221; _builder_version=&#8221;4.16&#8243; max_width=&#8221;150px&#8221; height=&#8221;false&#8221; animation_style=&#8221;slide&#8221; animation_direction=&#8221;top&#8221; animation_delay=&#8221;100ms&#8221; animation_intensity_slide=&#8221;10%&#8221; locked=&#8221;off&#8221; global_colors_info=&#8221;{}&#8221;][\/et_pb_divider][et_pb_text admin_label=&#8221;sutitle&#8221; module_class=&#8221;room-subtitlte&#8221; _builder_version=&#8221;4.16&#8243; text_font=&#8221;||||&#8221; text_text_color=&#8221;#1a1a1a&#8221; text_font_size=&#8221;24px&#8221; text_line_height=&#8221;1.4em&#8221; animation_style=&#8221;slide&#8221; animation_direction=&#8221;top&#8221; animation_delay=&#8221;200ms&#8221; animation_intensity_slide=&#8221;10%&#8221; locked=&#8221;off&#8221; global_colors_info=&#8221;{}&#8221;]<\/p>\n<h2>L\u2019un des premiers h\u00f4tels ouverts \u00e0 Paros, l\u2019h\u00f4tel Dina compte de nombreuses ann\u00e9es d\u2019exp\u00e9rience en mati\u00e8re d\u2019accueil et d\u2019hospitalit\u00e9.<\/h2>\n<p>[\/et_pb_text][et_pb_text admin_label=&#8221;description&#8221; module_class=&#8221;room-descr&#8221; _builder_version=&#8221;4.17.4&#8243; text_font=&#8221;Roboto||||&#8221; text_font_size=&#8221;16px&#8221; text_line_height=&#8221;1.9em&#8221; animation_style=&#8221;slide&#8221; animation_direction=&#8221;top&#8221; animation_intensity_slide=&#8221;4%&#8221; locked=&#8221;off&#8221; global_colors_info=&#8221;{}&#8221;]<\/p>\n<p>Vous y trouverez tout ce dont vous pouvez avoir besoin pour un s\u00e9jour confortable \u00e0 Parikia. Et surtout une ambiance chaleureuse et accueillante. N&#8217;h\u00e9sitez pas \u00e0 demander \u00e0 Elena tout ce qui peut rendre votre s\u00e9jour \u00e0 l&#8217;h\u00f4tel plus agr\u00e9able.<\/p>\n<p>[\/et_pb_text][et_pb_text admin_label=&#8221;facilities&#8221; module_class=&#8221;room-facilities&#8221; _builder_version=&#8221;4.18.0&#8243; text_font=&#8221;Roboto||||&#8221; text_font_size=&#8221;16px&#8221; text_line_height=&#8221;1.9em&#8221; animation_style=&#8221;slide&#8221; animation_direction=&#8221;top&#8221; animation_intensity_slide=&#8221;4%&#8221; hover_enabled=&#8221;0&#8243; global_colors_info=&#8221;{}&#8221; sticky_enabled=&#8221;0&#8243;]<\/p>\n<h3>SERVICES<\/h3>\n<p>\u25cf Connexion Internet gratuite<br \/>\n\u25cf Local \u00e0 bagages<br \/>\n\u25cf M\u00e9nage quotidien, avec des produits de qualit\u00e9<br \/>\n\u25cf Terrasse commune avec de grands parasols et des tables pour prendre le petit-d\u00e9jeuner, le caf\u00e9 ou boire un verre<br \/>\n\u25cf Biblioth\u00e8que<br \/>\n\u25cf Cartes et informations sur les activit\u00e9s et les sites \u00e0 visiter \u00e0 Parikia et dans le reste de Paros<br \/>\n\u25cf Nettoyage r\u00e9gulier \u00e0 la vapeur des lits et des matelas<br \/>\n\u25cf Adaptateurs pour prises \u00e9lectriques \u00e9trang\u00e8res<br \/>\n\u25cf Fer et table \u00e0 repasser<br \/>\n\u25cf Espace commun pour \u00e9tendre votre linge<br \/>\n\u25cf Parking municipal gratuit \u00e0 200m<br \/>\n\u25cf Service de nettoyage quotidien ou plus fr\u00e9quent sur demande<\/p>\n<p>L\u2019acc\u00e8s \u00e0 l\u2019h\u00f4tel se fait uniquement \u00e0 pied ou \u00e0 v\u00e9lo car les voitures ne sont pas autoris\u00e9es dans la vieille ville. Vous pouvez laisser votre voiture sur le front de mer tout proche, jusqu\u2019\u00e0 19h00 ou dans l\u2019un des parkings municipaux de Parikia.<\/p>\n<h4>EQUIPEMENTS DES CHAMBRES<\/h4>\n<p>\u25cf Lits simples ou lits doubles \u25cf Climatisation \u25cf T\u00e9l\u00e9vision \u25cf Wifi \u25cf Salle de douche \u25cf R\u00e9frig\u00e9rateur \u25cf Bouilloire \u25cf Sachets de th\u00e9, caf\u00e9 , lait \u25cf Coffre \u25cf Shampoing, gel douche, savon \u25cf Bouteille d\u2019eau \u25cf Prise \u00e9lectrique pr\u00e8s du lit \u25cf Oreillers hypoallerg\u00e9niques \u25cf Lit b\u00e9b\u00e9 sur demande<br \/>\n[\/et_pb_text][et_pb_button button_url=&#8221;https:\/\/www.hoteldina.com\/fr\/reservation\/&#8221; button_text=&#8221;R\u00e9servez maintenant !&#8221; button_alignment=&#8221;center&#8221; _builder_version=&#8221;4.16&#8243; global_colors_info=&#8221;{}&#8221; button_text_size__hover_enabled=&#8221;off&#8221; button_one_text_size__hover_enabled=&#8221;off&#8221; button_two_text_size__hover_enabled=&#8221;off&#8221; button_text_color__hover_enabled=&#8221;off&#8221; button_one_text_color__hover_enabled=&#8221;off&#8221; button_two_text_color__hover_enabled=&#8221;off&#8221; button_border_width__hover_enabled=&#8221;off&#8221; button_one_border_width__hover_enabled=&#8221;off&#8221; button_two_border_width__hover_enabled=&#8221;off&#8221; button_border_color__hover_enabled=&#8221;off&#8221; button_one_border_color__hover_enabled=&#8221;off&#8221; button_two_border_color__hover_enabled=&#8221;off&#8221; button_border_radius__hover_enabled=&#8221;off&#8221; button_one_border_radius__hover_enabled=&#8221;off&#8221; button_two_border_radius__hover_enabled=&#8221;off&#8221; button_letter_spacing__hover_enabled=&#8221;off&#8221; button_one_letter_spacing__hover_enabled=&#8221;off&#8221; button_two_letter_spacing__hover_enabled=&#8221;off&#8221; button_bg_color__hover_enabled=&#8221;off&#8221; button_one_bg_color__hover_enabled=&#8221;off&#8221; button_two_bg_color__hover_enabled=&#8221;off&#8221;][\/et_pb_button][\/et_pb_column][et_pb_column type=&#8221;1_2&#8243; _builder_version=&#8221;4.16&#8243; custom_padding=&#8221;|||&#8221; global_colors_info=&#8221;{}&#8221; custom_padding__hover=&#8221;|||&#8221;][et_pb_gallery gallery_ids=&#8221;207781,207784,207787,207790,207793,207796,207799,207802,207805,207808,207811,207814,207817&#8243; posts_number=&#8221;12&#8243; show_title_and_caption=&#8221;off&#8221; show_pagination=&#8221;off&#8221; zoom_icon_color=&#8221;#1ec4d6&#8243; _builder_version=&#8221;4.17.4&#8243; pagination_font_size_tablet=&#8221;51&#8243; pagination_line_height_tablet=&#8221;2&#8243; saved_tabs=&#8221;all&#8221; global_colors_info=&#8221;{}&#8221;][\/et_pb_gallery][et_pb_image src=&#8221;\/wp-content\/uploads\/2017\/11\/mme-dina-de-hotel-dina-paros-greece.jpg&#8221; show_in_lightbox=&#8221;on&#8221; align_tablet=&#8221;center&#8221; align_phone=&#8221;center&#8221; align_last_edited=&#8221;on|desktop&#8221; _builder_version=&#8221;4.17.4&#8243; animation_style=&#8221;fold&#8221; animation_direction=&#8221;right&#8221; animation_intensity_fold=&#8221;20%&#8221; global_colors_info=&#8221;{}&#8221;][\/et_pb_image][\/et_pb_column][\/et_pb_row][\/et_pb_section][et_pb_section fb_built=&#8221;1&#8243; admin_label=&#8221;footer FR section&#8221; module_class=&#8221;section-footer&#8221; _builder_version=&#8221;4.18.0&#8243; background_color=&#8221;#212121&#8243; global_module=&#8221;208707&#8243; global_colors_info=&#8221;{}&#8221;][et_pb_row column_structure=&#8221;1_2,1_2&#8243; module_class=&#8221; et_pb_row_fullwidth&#8221; _builder_version=&#8221;4.16&#8243; width=&#8221;89%&#8221; width_tablet=&#8221;80%&#8221; width_phone=&#8221;80%&#8221; width_last_edited=&#8221;on|desktop&#8221; max_width=&#8221;89%&#8221; max_width_tablet=&#8221;80%&#8221; max_width_phone=&#8221;80%&#8221; max_width_last_edited=&#8221;on|desktop&#8221; make_fullwidth=&#8221;on&#8221; locked=&#8221;off&#8221; global_colors_info=&#8221;{}&#8221;][et_pb_column type=&#8221;1_2&#8243; _builder_version=&#8221;4.16&#8243; custom_padding=&#8221;|||&#8221; global_colors_info=&#8221;{}&#8221; custom_padding__hover=&#8221;|||&#8221;][et_pb_image src=&#8221;https:\/\/www.hoteldina.com\/wp-content\/uploads\/ESPA.jpg&#8221; align_tablet=&#8221;center&#8221; align_phone=&#8221;center&#8221; align_last_edited=&#8221;on|desktop&#8221; _builder_version=&#8221;4.16&#8243; custom_css_main_element=&#8221;max-width: 150px;&#8221; global_colors_info=&#8221;{}&#8221;][\/et_pb_image][\/et_pb_column][et_pb_column type=&#8221;1_2&#8243; _builder_version=&#8221;4.16&#8243; custom_padding=&#8221;|||&#8221; global_colors_info=&#8221;{}&#8221; custom_padding__hover=&#8221;|||&#8221;][et_pb_text admin_label=&#8221;GEMI&#8221; _builder_version=&#8221;4.18.0&#8243; text_orientation=&#8221;right&#8221; module_alignment=&#8221;right&#8221; global_colors_info=&#8221;{}&#8221;]<\/p>\n<p>\u00a9, Hotel Dina, All Rights Reserved<br \/>H\u00f4tel Dina | Parikia Paros, Cyclades Gr\u00e8ce | T. +30 22840 21325, +30 22840 21345<br \/>Registre g\u00e9n\u00e9ral du commerce (G.E.M.)  164056538000<\/p>\n<p>[\/et_pb_text][\/et_pb_column][\/et_pb_row][\/et_pb_section]<\/p>\n","protected":false},"excerpt":{"rendered":"<p>\u00c9QUIPEMENTS ET SERVICES OFFERTS PAR L\u2019H\u00d4TEL L\u2019un des premiers h\u00f4tels ouverts \u00e0 Paros, l\u2019h\u00f4tel Dina compte de nombreuses ann\u00e9es d\u2019exp\u00e9rience en mati\u00e8re d\u2019accueil et d\u2019hospitalit\u00e9. Vous y trouverez tout ce dont vous pouvez avoir besoin pour un s\u00e9jour confortable \u00e0 Parikia. Et surtout une ambiance chaleureuse et accueillante. N&#8217;h\u00e9sitez pas \u00e0 demander \u00e0 Elena tout [&hellip;]<\/p>\n","protected":false},"author":2,"featured_media":0,"parent":0,"menu_order":0,"comment_status":"closed","ping_status":"closed","template":"","meta":{"_et_pb_use_builder":"on","_et_pb_old_content":"","_et_gb_content_width":"","footnotes":""},"class_list":["post-207515","page","type-page","status-publish","hentry"],"_links":{"self":[{"href":"https:\/\/www.hoteldina.com\/fr\/wp-json\/wp\/v2\/pages\/207515","targetHints":{"allow":["GET"]}}],"collection":[{"href":"https:\/\/www.hoteldina.com\/fr\/wp-json\/wp\/v2\/pages"}],"about":[{"href":"https:\/\/www.hoteldina.com\/fr\/wp-json\/wp\/v2\/types\/page"}],"author":[{"embeddable":true,"href":"https:\/\/www.hoteldina.com\/fr\/wp-json\/wp\/v2\/users\/2"}],"replies":[{"embeddable":true,"href":"https:\/\/www.hoteldina.com\/fr\/wp-json\/wp\/v2\/comments?post=207515"}],"version-history":[{"count":27,"href":"https:\/\/www.hoteldina.com\/fr\/wp-json\/wp\/v2\/pages\/207515\/revisions"}],"predecessor-version":[{"id":208934,"href":"https:\/\/www.hoteldina.com\/fr\/wp-json\/wp\/v2\/pages\/207515\/revisions\/208934"}],"wp:attachment":[{"href":"https:\/\/www.hoteldina.com\/fr\/wp-json\/wp\/v2\/media?parent=207515"}],"curies":[{"name":"wp","href":"https:\/\/api.w.org\/{rel}","templated":true}]}}